{"id":13,"date":"2020-11-13T19:37:12","date_gmt":"2020-11-13T19:37:12","guid":{"rendered":"https:\/\/asociacioneuc.org\/?page_id=13"},"modified":"2021-10-03T08:28:00","modified_gmt":"2021-10-03T08:28:00","slug":"una-seccion-de-la-pagina-de-inicio","status":"publish","type":"page","link":"https:\/\/asociacioneuc.org\/index.php\/una-seccion-de-la-pagina-de-inicio\/","title":{"rendered":"Una secci\u00f3n de la p\u00e1gina de inicio"},"content":{"rendered":"[et_pb_section admin_label=\u00bbsection\u00bb]\n\t\t\t[et_pb_row admin_label=\u00bbrow\u00bb]\n\t\t\t\t[et_pb_column type=\u00bb4_4&#8243;][et_pb_text admin_label=\u00bbText\u00bb]\n<p>Este es un ejemplo de una secci\u00f3n de la p\u00e1gina de inicio. Las secciones de la p\u00e1gina de inicio pueden estar en cualquier p\u00e1gina aparte de la propia de inicio, incluida la p\u00e1gina que muestra tus \u00faltimas entradas.<\/p>\n[\/et_pb_text][\/et_pb_column]\n\t\t\t[\/et_pb_row]\n\t\t[\/et_pb_section]","protected":false},"excerpt":{"rendered":"<p>Este es un ejemplo de una secci\u00f3n de la p\u00e1gina de inicio. Las secciones de la p\u00e1gina de inicio pueden estar en cualquier p\u00e1gina aparte de la propia de inicio, incluida la p\u00e1gina que muestra tus \u00faltimas entradas.<\/p>\n","protected":false},"author":1,"featured_media":0,"parent":0,"menu_order":0,"comment_status":"closed","ping_status":"closed","template":"","meta":{"_et_pb_use_builder":"on","_et_pb_old_content":"<!-- wp:paragraph -->\n<p>Este es un ejemplo de una secci\u00f3n de la p\u00e1gina de inicio. Las secciones de la p\u00e1gina de inicio pueden estar en cualquier p\u00e1gina aparte de la propia de inicio, incluida la p\u00e1gina que muestra tus \u00faltimas entradas.<\/p>\n<!-- \/wp:paragraph -->","_et_gb_content_width":""},"_links":{"self":[{"href":"https:\/\/asociacioneuc.org\/index.php\/wp-json\/wp\/v2\/pages\/13"}],"collection":[{"href":"https:\/\/asociacioneuc.org\/index.php\/wp-json\/wp\/v2\/pages"}],"about":[{"href":"https:\/\/asociacioneuc.org\/index.php\/wp-json\/wp\/v2\/types\/page"}],"author":[{"embeddable":true,"href":"https:\/\/asociacioneuc.org\/index.php\/wp-json\/wp\/v2\/users\/1"}],"replies":[{"embeddable":true,"href":"https:\/\/asociacioneuc.org\/index.php\/wp-json\/wp\/v2\/comments?post=13"}],"version-history":[{"count":2,"href":"https:\/\/asociacioneuc.org\/index.php\/wp-json\/wp\/v2\/pages\/13\/revisions"}],"predecessor-version":[{"id":1766,"href":"https:\/\/asociacioneuc.org\/index.php\/wp-json\/wp\/v2\/pages\/13\/revisions\/1766"}],"wp:attachment":[{"href":"https:\/\/asociacioneuc.org\/index.php\/wp-json\/wp\/v2\/media?parent=13"}],"curies":[{"name":"wp","href":"https:\/\/api.w.org\/{rel}","templated":true}]}}